{"id":23,"date":"2022-07-07T18:38:10","date_gmt":"2022-07-07T16:38:10","guid":{"rendered":"http:\/\/mybujdp.cluster030.hosting.ovh.net\/?page_id=23"},"modified":"2023-12-07T17:02:43","modified_gmt":"2023-12-07T16:02:43","slug":"accueil","status":"publish","type":"page","link":"http:\/\/mybujdp.cluster030.hosting.ovh.net\/","title":{"rendered":"Accueil"},"content":{"rendered":"\n<p class=\"has-text-align-center\">Bienvenue sur le site officiel de la mairie de SORGEAT. Retrouvez ici les informations de la municipalit\u00e9.<\/p>\n","protected":false},"excerpt":{"rendered":"<p>Bienvenue sur le site officiel de la mairie de SORGEAT. Retrouvez ici les informations de la municipalit\u00e9.<\/p>\n","protected":false},"author":1,"featured_media":47,"parent":0,"menu_order":0,"comment_status":"closed","ping_status":"closed","template":"","meta":{"footnotes":""},"class_list":["post-23","page","type-page","status-publish","has-post-thumbnail","hentry"],"yoast_head":"<!-- This site is optimized with the Yoast SEO plugin v27.5 - https:\/\/yoast.com\/product\/yoast-seo-wordpress\/ -->\n<title>Bienvenue \u00e0 SORGEAT<\/title>\n<meta name=\"description\" content=\"Bienvenue sur le site officiel de la mairie de SORGEAT - 09110, en Ari\u00e8ge.\" \/>\n<meta name=\"robots\" content=\"index, follow, max-snippet:-1, max-image-preview:large, max-video-preview:-1\" \/>\n<link rel=\"canonical\" href=\"http:\/\/mybujdp.cluster030.hosting.ovh.net\/\" \/>\n<meta property=\"og:locale\" content=\"en_US\" \/>\n<meta property=\"og:type\" content=\"article\" \/>\n<meta property=\"og:title\" content=\"Bienvenue \u00e0 SORGEAT\" \/>\n<meta property=\"og:description\" content=\"Bienvenue sur le site officiel de la mairie de SORGEAT - 09110, en Ari\u00e8ge.\" \/>\n<meta property=\"og:url\" content=\"http:\/\/mybujdp.cluster030.hosting.ovh.net\/\" \/>\n<meta property=\"og:site_name\" content=\"Bienvenue \u00e0 SORGEAT\" \/>\n<meta property=\"article:modified_time\" content=\"2023-12-07T16:02:43+00:00\" \/>\n<meta property=\"og:image\" content=\"http:\/\/mybujdp.cluster030.hosting.ovh.net\/wp-content\/uploads\/2022\/07\/9CCFF850-557E-439D-BFC9-19A22FBA0EC7_1_201_a-scaled.jpeg\" \/>\n\t<meta property=\"og:image:width\" content=\"2560\" \/>\n\t<meta property=\"og:image:height\" content=\"1920\" \/>\n\t<meta property=\"og:image:type\" content=\"image\/jpeg\" \/>\n<meta name=\"twitter:card\" content=\"summary_large_image\" \/>\n<meta name=\"twitter:label1\" content=\"Est. reading time\" \/>\n\t<meta name=\"twitter:data1\" content=\"1 minute\" \/>\n<script type=\"application\/ld+json\" class=\"yoast-schema-graph\">{\"@context\":\"https:\\\/\\\/schema.org\",\"@graph\":[{\"@type\":\"WebPage\",\"@id\":\"http:\\\/\\\/mybujdp.cluster030.hosting.ovh.net\\\/\",\"url\":\"http:\\\/\\\/mybujdp.cluster030.hosting.ovh.net\\\/\",\"name\":\"Bienvenue \u00e0 SORGEAT\",\"isPartOf\":{\"@id\":\"http:\\\/\\\/mybujdp.cluster030.hosting.ovh.net\\\/#website\"},\"primaryImageOfPage\":{\"@id\":\"http:\\\/\\\/mybujdp.cluster030.hosting.ovh.net\\\/#primaryimage\"},\"image\":{\"@id\":\"http:\\\/\\\/mybujdp.cluster030.hosting.ovh.net\\\/#primaryimage\"},\"thumbnailUrl\":\"http:\\\/\\\/mybujdp.cluster030.hosting.ovh.net\\\/wp-content\\\/uploads\\\/2022\\\/07\\\/9CCFF850-557E-439D-BFC9-19A22FBA0EC7_1_201_a-scaled.jpeg\",\"datePublished\":\"2022-07-07T16:38:10+00:00\",\"dateModified\":\"2023-12-07T16:02:43+00:00\",\"description\":\"Bienvenue sur le site officiel de la mairie de SORGEAT - 09110, en Ari\u00e8ge.\",\"breadcrumb\":{\"@id\":\"http:\\\/\\\/mybujdp.cluster030.hosting.ovh.net\\\/#breadcrumb\"},\"inLanguage\":\"en-US\",\"potentialAction\":[{\"@type\":\"ReadAction\",\"target\":[\"http:\\\/\\\/mybujdp.cluster030.hosting.ovh.net\\\/\"]}]},{\"@type\":\"ImageObject\",\"inLanguage\":\"en-US\",\"@id\":\"http:\\\/\\\/mybujdp.cluster030.hosting.ovh.net\\\/#primaryimage\",\"url\":\"http:\\\/\\\/mybujdp.cluster030.hosting.ovh.net\\\/wp-content\\\/uploads\\\/2022\\\/07\\\/9CCFF850-557E-439D-BFC9-19A22FBA0EC7_1_201_a-scaled.jpeg\",\"contentUrl\":\"http:\\\/\\\/mybujdp.cluster030.hosting.ovh.net\\\/wp-content\\\/uploads\\\/2022\\\/07\\\/9CCFF850-557E-439D-BFC9-19A22FBA0EC7_1_201_a-scaled.jpeg\",\"width\":2560,\"height\":1920,\"caption\":\"DCIM\\\/100MEDIA\\\/DJI_0015.JPG\"},{\"@type\":\"BreadcrumbList\",\"@id\":\"http:\\\/\\\/mybujdp.cluster030.hosting.ovh.net\\\/#breadcrumb\",\"itemListElement\":[{\"@type\":\"ListItem\",\"position\":1,\"name\":\"Accueil\",\"item\":\"http:\\\/\\\/mybujdp.cluster030.hosting.ovh.net\\\/\"},{\"@type\":\"ListItem\",\"position\":2,\"name\":\"Accueil\"}]},{\"@type\":\"WebSite\",\"@id\":\"http:\\\/\\\/mybujdp.cluster030.hosting.ovh.net\\\/#website\",\"url\":\"http:\\\/\\\/mybujdp.cluster030.hosting.ovh.net\\\/\",\"name\":\"Bienvenue \u00e0 SORGEAT\",\"description\":\"village de la Communaut\u00e9 de Communes de Haute Ari\u00e8ge\",\"potentialAction\":[{\"@type\":\"SearchAction\",\"target\":{\"@type\":\"EntryPoint\",\"urlTemplate\":\"http:\\\/\\\/mybujdp.cluster030.hosting.ovh.net\\\/?s={search_term_string}\"},\"query-input\":{\"@type\":\"PropertyValueSpecification\",\"valueRequired\":true,\"valueName\":\"search_term_string\"}}],\"inLanguage\":\"en-US\"}]}<\/script>\n<!-- \/ Yoast SEO plugin. -->","yoast_head_json":{"title":"Bienvenue \u00e0 SORGEAT","description":"Bienvenue sur le site officiel de la mairie de SORGEAT - 09110, en Ari\u00e8ge.","robots":{"index":"index","follow":"follow","max-snippet":"max-snippet:-1","max-image-preview":"max-image-preview:large","max-video-preview":"max-video-preview:-1"},"canonical":"http:\/\/mybujdp.cluster030.hosting.ovh.net\/","og_locale":"en_US","og_type":"article","og_title":"Bienvenue \u00e0 SORGEAT","og_description":"Bienvenue sur le site officiel de la mairie de SORGEAT - 09110, en Ari\u00e8ge.","og_url":"http:\/\/mybujdp.cluster030.hosting.ovh.net\/","og_site_name":"Bienvenue \u00e0 SORGEAT","article_modified_time":"2023-12-07T16:02:43+00:00","og_image":[{"width":2560,"height":1920,"url":"http:\/\/mybujdp.cluster030.hosting.ovh.net\/wp-content\/uploads\/2022\/07\/9CCFF850-557E-439D-BFC9-19A22FBA0EC7_1_201_a-scaled.jpeg","type":"image\/jpeg"}],"twitter_card":"summary_large_image","twitter_misc":{"Est. reading time":"1 minute"},"schema":{"@context":"https:\/\/schema.org","@graph":[{"@type":"WebPage","@id":"http:\/\/mybujdp.cluster030.hosting.ovh.net\/","url":"http:\/\/mybujdp.cluster030.hosting.ovh.net\/","name":"Bienvenue \u00e0 SORGEAT","isPartOf":{"@id":"http:\/\/mybujdp.cluster030.hosting.ovh.net\/#website"},"primaryImageOfPage":{"@id":"http:\/\/mybujdp.cluster030.hosting.ovh.net\/#primaryimage"},"image":{"@id":"http:\/\/mybujdp.cluster030.hosting.ovh.net\/#primaryimage"},"thumbnailUrl":"http:\/\/mybujdp.cluster030.hosting.ovh.net\/wp-content\/uploads\/2022\/07\/9CCFF850-557E-439D-BFC9-19A22FBA0EC7_1_201_a-scaled.jpeg","datePublished":"2022-07-07T16:38:10+00:00","dateModified":"2023-12-07T16:02:43+00:00","description":"Bienvenue sur le site officiel de la mairie de SORGEAT - 09110, en Ari\u00e8ge.","breadcrumb":{"@id":"http:\/\/mybujdp.cluster030.hosting.ovh.net\/#breadcrumb"},"inLanguage":"en-US","potentialAction":[{"@type":"ReadAction","target":["http:\/\/mybujdp.cluster030.hosting.ovh.net\/"]}]},{"@type":"ImageObject","inLanguage":"en-US","@id":"http:\/\/mybujdp.cluster030.hosting.ovh.net\/#primaryimage","url":"http:\/\/mybujdp.cluster030.hosting.ovh.net\/wp-content\/uploads\/2022\/07\/9CCFF850-557E-439D-BFC9-19A22FBA0EC7_1_201_a-scaled.jpeg","contentUrl":"http:\/\/mybujdp.cluster030.hosting.ovh.net\/wp-content\/uploads\/2022\/07\/9CCFF850-557E-439D-BFC9-19A22FBA0EC7_1_201_a-scaled.jpeg","width":2560,"height":1920,"caption":"DCIM\/100MEDIA\/DJI_0015.JPG"},{"@type":"BreadcrumbList","@id":"http:\/\/mybujdp.cluster030.hosting.ovh.net\/#breadcrumb","itemListElement":[{"@type":"ListItem","position":1,"name":"Accueil","item":"http:\/\/mybujdp.cluster030.hosting.ovh.net\/"},{"@type":"ListItem","position":2,"name":"Accueil"}]},{"@type":"WebSite","@id":"http:\/\/mybujdp.cluster030.hosting.ovh.net\/#website","url":"http:\/\/mybujdp.cluster030.hosting.ovh.net\/","name":"Bienvenue \u00e0 SORGEAT","description":"village de la Communaut\u00e9 de Communes de Haute Ari\u00e8ge","potentialAction":[{"@type":"SearchAction","target":{"@type":"EntryPoint","urlTemplate":"http:\/\/mybujdp.cluster030.hosting.ovh.net\/?s={search_term_string}"},"query-input":{"@type":"PropertyValueSpecification","valueRequired":true,"valueName":"search_term_string"}}],"inLanguage":"en-US"}]}},"_links":{"self":[{"href":"http:\/\/mybujdp.cluster030.hosting.ovh.net\/index.php\/wp-json\/wp\/v2\/pages\/23","targetHints":{"allow":["GET"]}}],"collection":[{"href":"http:\/\/mybujdp.cluster030.hosting.ovh.net\/index.php\/wp-json\/wp\/v2\/pages"}],"about":[{"href":"http:\/\/mybujdp.cluster030.hosting.ovh.net\/index.php\/wp-json\/wp\/v2\/types\/page"}],"author":[{"embeddable":true,"href":"http:\/\/mybujdp.cluster030.hosting.ovh.net\/index.php\/wp-json\/wp\/v2\/users\/1"}],"replies":[{"embeddable":true,"href":"http:\/\/mybujdp.cluster030.hosting.ovh.net\/index.php\/wp-json\/wp\/v2\/comments?post=23"}],"version-history":[{"count":2,"href":"http:\/\/mybujdp.cluster030.hosting.ovh.net\/index.php\/wp-json\/wp\/v2\/pages\/23\/revisions"}],"predecessor-version":[{"id":164,"href":"http:\/\/mybujdp.cluster030.hosting.ovh.net\/index.php\/wp-json\/wp\/v2\/pages\/23\/revisions\/164"}],"wp:featuredmedia":[{"embeddable":true,"href":"http:\/\/mybujdp.cluster030.hosting.ovh.net\/index.php\/wp-json\/wp\/v2\/media\/47"}],"wp:attachment":[{"href":"http:\/\/mybujdp.cluster030.hosting.ovh.net\/index.php\/wp-json\/wp\/v2\/media?parent=23"}],"curies":[{"name":"wp","href":"https:\/\/api.w.org\/{rel}","templated":true}]}}