{"id":26,"date":"2022-07-07T18:38:11","date_gmt":"2022-07-07T16:38:11","guid":{"rendered":"http:\/\/mybujdp.cluster030.hosting.ovh.net\/?page_id=26"},"modified":"2023-12-15T17:14:09","modified_gmt":"2023-12-15T16:14:09","slug":"blog","status":"publish","type":"page","link":"http:\/\/mybujdp.cluster030.hosting.ovh.net\/index.php\/blog\/","title":{"rendered":"Blog"},"content":{"rendered":"\n<h2 class=\"wp-block-heading\">Photos du jour:<\/h2>\n\n\n\n<p><strong>14 d\u00e9cembre 2023<\/strong><\/p>\n\n\n\n<p>Sorgeat depuis les gites &#8220;Les Gentianes&#8221;<\/p>\n\n\n\n<figure class=\"wp-block-gallery has-nested-images columns-default is-cropped wp-block-gallery-1 is-layout-flex wp-block-gallery-is-layout-flex\">\n<figure class=\"wp-block-image size-large\"><img loading=\"lazy\" decoding=\"async\" width=\"1024\" height=\"1024\" data-id=\"317\" src=\"http:\/\/mybujdp.cluster030.hosting.ovh.net\/wp-content\/uploads\/2023\/12\/IMG_20231214_154109-2-1024x1024.jpg\" alt=\"\" class=\"wp-image-317\" srcset=\"http:\/\/mybujdp.cluster030.hosting.ovh.net\/wp-content\/uploads\/2023\/12\/IMG_20231214_154109-2-1024x1024.jpg 1024w, http:\/\/mybujdp.cluster030.hosting.ovh.net\/wp-content\/uploads\/2023\/12\/IMG_20231214_154109-2-300x300.jpg 300w, http:\/\/mybujdp.cluster030.hosting.ovh.net\/wp-content\/uploads\/2023\/12\/IMG_20231214_154109-2-150x150.jpg 150w, http:\/\/mybujdp.cluster030.hosting.ovh.net\/wp-content\/uploads\/2023\/12\/IMG_20231214_154109-2-768x768.jpg 768w, http:\/\/mybujdp.cluster030.hosting.ovh.net\/wp-content\/uploads\/2023\/12\/IMG_20231214_154109-2-1536x1536.jpg 1536w, http:\/\/mybujdp.cluster030.hosting.ovh.net\/wp-content\/uploads\/2023\/12\/IMG_20231214_154109-2-2048x2048.jpg 2048w\" sizes=\"auto, (max-width: 1024px) 100vw, 1024px\" \/><\/figure>\n<\/figure>\n\n\n\n<p>Col du Chioula<\/p>\n\n\n\n<figure class=\"wp-block-image size-large\"><img loading=\"lazy\" decoding=\"async\" width=\"1024\" height=\"1024\" src=\"http:\/\/mybujdp.cluster030.hosting.ovh.net\/wp-content\/uploads\/2023\/12\/IMG_20231214_152020-1-2-1024x1024.jpg\" alt=\"\" class=\"wp-image-315\" srcset=\"http:\/\/mybujdp.cluster030.hosting.ovh.net\/wp-content\/uploads\/2023\/12\/IMG_20231214_152020-1-2-1024x1024.jpg 1024w, http:\/\/mybujdp.cluster030.hosting.ovh.net\/wp-content\/uploads\/2023\/12\/IMG_20231214_152020-1-2-300x300.jpg 300w, http:\/\/mybujdp.cluster030.hosting.ovh.net\/wp-content\/uploads\/2023\/12\/IMG_20231214_152020-1-2-150x150.jpg 150w, http:\/\/mybujdp.cluster030.hosting.ovh.net\/wp-content\/uploads\/2023\/12\/IMG_20231214_152020-1-2-768x768.jpg 768w, http:\/\/mybujdp.cluster030.hosting.ovh.net\/wp-content\/uploads\/2023\/12\/IMG_20231214_152020-1-2-1536x1536.jpg 1536w, http:\/\/mybujdp.cluster030.hosting.ovh.net\/wp-content\/uploads\/2023\/12\/IMG_20231214_152020-1-2-2048x2048.jpg 2048w\" sizes=\"auto, (max-width: 1024px) 100vw, 1024px\" \/><\/figure>\n\n\n\n<p><\/p>\n\n\n\n<p><\/p>\n\n\n\n<h2 class=\"wp-block-heading\">Meres No\u00ebls<\/h2>\n\n\n\n<p>Aujourd&#8217;hui \u00e0 la mairie atelier de d\u00e9coration des sapins du village.<\/p>\n\n\n\n<p>Merci M\u00e8res No\u00ebls&#8230;.<\/p>\n\n\n\n<figure class=\"wp-block-image size-large\"><img loading=\"lazy\" decoding=\"async\" width=\"1024\" height=\"383\" src=\"http:\/\/mybujdp.cluster030.hosting.ovh.net\/wp-content\/uploads\/2023\/12\/image-1-1024x383.png\" alt=\"\" class=\"wp-image-341\" srcset=\"http:\/\/mybujdp.cluster030.hosting.ovh.net\/wp-content\/uploads\/2023\/12\/image-1-1024x383.png 1024w, http:\/\/mybujdp.cluster030.hosting.ovh.net\/wp-content\/uploads\/2023\/12\/image-1-300x112.png 300w, http:\/\/mybujdp.cluster030.hosting.ovh.net\/wp-content\/uploads\/2023\/12\/image-1-768x287.png 768w, http:\/\/mybujdp.cluster030.hosting.ovh.net\/wp-content\/uploads\/2023\/12\/image-1-1536x574.png 1536w, http:\/\/mybujdp.cluster030.hosting.ovh.net\/wp-content\/uploads\/2023\/12\/image-1-2048x766.png 2048w\" sizes=\"auto, (max-width: 1024px) 100vw, 1024px\" \/><\/figure>\n\n\n\n<figure class=\"wp-block-image size-large\"><img loading=\"lazy\" decoding=\"async\" width=\"896\" height=\"1024\" src=\"http:\/\/mybujdp.cluster030.hosting.ovh.net\/wp-content\/uploads\/2023\/12\/image-5-896x1024.png\" alt=\"\" class=\"wp-image-352\" srcset=\"http:\/\/mybujdp.cluster030.hosting.ovh.net\/wp-content\/uploads\/2023\/12\/image-5-896x1024.png 896w, http:\/\/mybujdp.cluster030.hosting.ovh.net\/wp-content\/uploads\/2023\/12\/image-5-263x300.png 263w, http:\/\/mybujdp.cluster030.hosting.ovh.net\/wp-content\/uploads\/2023\/12\/image-5-768x878.png 768w, http:\/\/mybujdp.cluster030.hosting.ovh.net\/wp-content\/uploads\/2023\/12\/image-5-1344x1536.png 1344w, http:\/\/mybujdp.cluster030.hosting.ovh.net\/wp-content\/uploads\/2023\/12\/image-5-1792x2048.png 1792w\" sizes=\"auto, (max-width: 896px) 100vw, 896px\" \/><\/figure>\n","protected":false},"excerpt":{"rendered":"<p>Photos du jour: 14 d\u00e9cembre 2023 Sorgeat depuis les gites &#8220;Les Gentianes&#8221; Col du Chioula Meres No\u00ebls Aujourd&#8217;hui \u00e0 la mairie atelier de d\u00e9coration des sapins du village. Merci M\u00e8res No\u00ebls&#8230;.<\/p>\n","protected":false},"author":1,"featured_media":0,"parent":0,"menu_order":0,"comment_status":"closed","ping_status":"closed","template":"","meta":{"footnotes":""},"class_list":["post-26","page","type-page","status-publish","hentry"],"yoast_head":"<!-- This site is optimized with the Yoast SEO plugin v27.5 - https:\/\/yoast.com\/product\/yoast-seo-wordpress\/ -->\n<title>Blog - Bienvenue \u00e0 SORGEAT<\/title>\n<meta name=\"robots\" content=\"index, follow, max-snippet:-1, max-image-preview:large, max-video-preview:-1\" \/>\n<link rel=\"canonical\" href=\"http:\/\/mybujdp.cluster030.hosting.ovh.net\/index.php\/blog\/\" \/>\n<meta property=\"og:locale\" content=\"en_US\" \/>\n<meta property=\"og:type\" content=\"article\" \/>\n<meta property=\"og:title\" content=\"Blog - Bienvenue \u00e0 SORGEAT\" \/>\n<meta property=\"og:description\" content=\"Photos du jour: 14 d\u00e9cembre 2023 Sorgeat depuis les gites &#8220;Les Gentianes&#8221; Col du Chioula Meres No\u00ebls Aujourd&#8217;hui \u00e0 la mairie atelier de d\u00e9coration des sapins du village. Merci M\u00e8res No\u00ebls&#8230;.\" \/>\n<meta property=\"og:url\" content=\"http:\/\/mybujdp.cluster030.hosting.ovh.net\/index.php\/blog\/\" \/>\n<meta property=\"og:site_name\" content=\"Bienvenue \u00e0 SORGEAT\" \/>\n<meta property=\"article:modified_time\" content=\"2023-12-15T16:14:09+00:00\" \/>\n<meta property=\"og:image\" content=\"http:\/\/mybujdp.cluster030.hosting.ovh.net\/wp-content\/uploads\/2023\/12\/IMG_20231214_154109-2-1024x1024.jpg\" \/>\n<meta name=\"twitter:card\" content=\"summary_large_image\" \/>\n<meta name=\"twitter:label1\" content=\"Est. reading time\" \/>\n\t<meta name=\"twitter:data1\" content=\"1 minute\" \/>\n<script type=\"application\/ld+json\" class=\"yoast-schema-graph\">{\"@context\":\"https:\\\/\\\/schema.org\",\"@graph\":[{\"@type\":[\"Article\",\"BlogPosting\"],\"@id\":\"http:\\\/\\\/mybujdp.cluster030.hosting.ovh.net\\\/index.php\\\/blog\\\/#article\",\"isPartOf\":{\"@id\":\"http:\\\/\\\/mybujdp.cluster030.hosting.ovh.net\\\/index.php\\\/blog\\\/\"},\"author\":{\"name\":\"admin6530\",\"@id\":\"http:\\\/\\\/mybujdp.cluster030.hosting.ovh.net\\\/#\\\/schema\\\/person\\\/de42daddfd2223717047c83ff2a0905b\"},\"headline\":\"Blog\",\"datePublished\":\"2022-07-07T16:38:11+00:00\",\"dateModified\":\"2023-12-15T16:14:09+00:00\",\"mainEntityOfPage\":{\"@id\":\"http:\\\/\\\/mybujdp.cluster030.hosting.ovh.net\\\/index.php\\\/blog\\\/\"},\"wordCount\":34,\"image\":{\"@id\":\"http:\\\/\\\/mybujdp.cluster030.hosting.ovh.net\\\/index.php\\\/blog\\\/#primaryimage\"},\"thumbnailUrl\":\"http:\\\/\\\/mybujdp.cluster030.hosting.ovh.net\\\/wp-content\\\/uploads\\\/2023\\\/12\\\/IMG_20231214_154109-2-1024x1024.jpg\",\"inLanguage\":\"en-US\"},{\"@type\":\"WebPage\",\"@id\":\"http:\\\/\\\/mybujdp.cluster030.hosting.ovh.net\\\/index.php\\\/blog\\\/\",\"url\":\"http:\\\/\\\/mybujdp.cluster030.hosting.ovh.net\\\/index.php\\\/blog\\\/\",\"name\":\"Blog - Bienvenue \u00e0 SORGEAT\",\"isPartOf\":{\"@id\":\"http:\\\/\\\/mybujdp.cluster030.hosting.ovh.net\\\/#website\"},\"primaryImageOfPage\":{\"@id\":\"http:\\\/\\\/mybujdp.cluster030.hosting.ovh.net\\\/index.php\\\/blog\\\/#primaryimage\"},\"image\":{\"@id\":\"http:\\\/\\\/mybujdp.cluster030.hosting.ovh.net\\\/index.php\\\/blog\\\/#primaryimage\"},\"thumbnailUrl\":\"http:\\\/\\\/mybujdp.cluster030.hosting.ovh.net\\\/wp-content\\\/uploads\\\/2023\\\/12\\\/IMG_20231214_154109-2-1024x1024.jpg\",\"datePublished\":\"2022-07-07T16:38:11+00:00\",\"dateModified\":\"2023-12-15T16:14:09+00:00\",\"breadcrumb\":{\"@id\":\"http:\\\/\\\/mybujdp.cluster030.hosting.ovh.net\\\/index.php\\\/blog\\\/#breadcrumb\"},\"inLanguage\":\"en-US\",\"potentialAction\":[{\"@type\":\"ReadAction\",\"target\":[\"http:\\\/\\\/mybujdp.cluster030.hosting.ovh.net\\\/index.php\\\/blog\\\/\"]}]},{\"@type\":\"ImageObject\",\"inLanguage\":\"en-US\",\"@id\":\"http:\\\/\\\/mybujdp.cluster030.hosting.ovh.net\\\/index.php\\\/blog\\\/#primaryimage\",\"url\":\"http:\\\/\\\/mybujdp.cluster030.hosting.ovh.net\\\/wp-content\\\/uploads\\\/2023\\\/12\\\/IMG_20231214_154109-2-scaled.jpg\",\"contentUrl\":\"http:\\\/\\\/mybujdp.cluster030.hosting.ovh.net\\\/wp-content\\\/uploads\\\/2023\\\/12\\\/IMG_20231214_154109-2-scaled.jpg\",\"width\":2560,\"height\":2560},{\"@type\":\"BreadcrumbList\",\"@id\":\"http:\\\/\\\/mybujdp.cluster030.hosting.ovh.net\\\/index.php\\\/blog\\\/#breadcrumb\",\"itemListElement\":[{\"@type\":\"ListItem\",\"position\":1,\"name\":\"Accueil\",\"item\":\"http:\\\/\\\/mybujdp.cluster030.hosting.ovh.net\\\/\"},{\"@type\":\"ListItem\",\"position\":2,\"name\":\"Blog\"}]},{\"@type\":\"WebSite\",\"@id\":\"http:\\\/\\\/mybujdp.cluster030.hosting.ovh.net\\\/#website\",\"url\":\"http:\\\/\\\/mybujdp.cluster030.hosting.ovh.net\\\/\",\"name\":\"Bienvenue \u00e0 SORGEAT\",\"description\":\"village de la Communaut\u00e9 de Communes de Haute Ari\u00e8ge\",\"potentialAction\":[{\"@type\":\"SearchAction\",\"target\":{\"@type\":\"EntryPoint\",\"urlTemplate\":\"http:\\\/\\\/mybujdp.cluster030.hosting.ovh.net\\\/?s={search_term_string}\"},\"query-input\":{\"@type\":\"PropertyValueSpecification\",\"valueRequired\":true,\"valueName\":\"search_term_string\"}}],\"inLanguage\":\"en-US\"},{\"@type\":\"Person\",\"@id\":\"http:\\\/\\\/mybujdp.cluster030.hosting.ovh.net\\\/#\\\/schema\\\/person\\\/de42daddfd2223717047c83ff2a0905b\",\"name\":\"admin6530\",\"image\":{\"@type\":\"ImageObject\",\"inLanguage\":\"en-US\",\"@id\":\"https:\\\/\\\/secure.gravatar.com\\\/avatar\\\/755edbf5f12a486976481216400c67ee03a5a9b2a1e43c30b652bf4da0a061d8?s=96&d=mm&r=g\",\"url\":\"https:\\\/\\\/secure.gravatar.com\\\/avatar\\\/755edbf5f12a486976481216400c67ee03a5a9b2a1e43c30b652bf4da0a061d8?s=96&d=mm&r=g\",\"contentUrl\":\"https:\\\/\\\/secure.gravatar.com\\\/avatar\\\/755edbf5f12a486976481216400c67ee03a5a9b2a1e43c30b652bf4da0a061d8?s=96&d=mm&r=g\",\"caption\":\"admin6530\"},\"sameAs\":[\"http:\\\/\\\/mybujdp.cluster030.hosting.ovh.net\"],\"url\":\"http:\\\/\\\/mybujdp.cluster030.hosting.ovh.net\\\/index.php\\\/author\\\/admin6530\\\/\"}]}<\/script>\n<!-- \/ Yoast SEO plugin. -->","yoast_head_json":{"title":"Blog - Bienvenue \u00e0 SORGEAT","robots":{"index":"index","follow":"follow","max-snippet":"max-snippet:-1","max-image-preview":"max-image-preview:large","max-video-preview":"max-video-preview:-1"},"canonical":"http:\/\/mybujdp.cluster030.hosting.ovh.net\/index.php\/blog\/","og_locale":"en_US","og_type":"article","og_title":"Blog - Bienvenue \u00e0 SORGEAT","og_description":"Photos du jour: 14 d\u00e9cembre 2023 Sorgeat depuis les gites &#8220;Les Gentianes&#8221; Col du Chioula Meres No\u00ebls Aujourd&#8217;hui \u00e0 la mairie atelier de d\u00e9coration des sapins du village. Merci M\u00e8res No\u00ebls&#8230;.","og_url":"http:\/\/mybujdp.cluster030.hosting.ovh.net\/index.php\/blog\/","og_site_name":"Bienvenue \u00e0 SORGEAT","article_modified_time":"2023-12-15T16:14:09+00:00","og_image":[{"url":"http:\/\/mybujdp.cluster030.hosting.ovh.net\/wp-content\/uploads\/2023\/12\/IMG_20231214_154109-2-1024x1024.jpg","type":"","width":"","height":""}],"twitter_card":"summary_large_image","twitter_misc":{"Est. reading time":"1 minute"},"schema":{"@context":"https:\/\/schema.org","@graph":[{"@type":["Article","BlogPosting"],"@id":"http:\/\/mybujdp.cluster030.hosting.ovh.net\/index.php\/blog\/#article","isPartOf":{"@id":"http:\/\/mybujdp.cluster030.hosting.ovh.net\/index.php\/blog\/"},"author":{"name":"admin6530","@id":"http:\/\/mybujdp.cluster030.hosting.ovh.net\/#\/schema\/person\/de42daddfd2223717047c83ff2a0905b"},"headline":"Blog","datePublished":"2022-07-07T16:38:11+00:00","dateModified":"2023-12-15T16:14:09+00:00","mainEntityOfPage":{"@id":"http:\/\/mybujdp.cluster030.hosting.ovh.net\/index.php\/blog\/"},"wordCount":34,"image":{"@id":"http:\/\/mybujdp.cluster030.hosting.ovh.net\/index.php\/blog\/#primaryimage"},"thumbnailUrl":"http:\/\/mybujdp.cluster030.hosting.ovh.net\/wp-content\/uploads\/2023\/12\/IMG_20231214_154109-2-1024x1024.jpg","inLanguage":"en-US"},{"@type":"WebPage","@id":"http:\/\/mybujdp.cluster030.hosting.ovh.net\/index.php\/blog\/","url":"http:\/\/mybujdp.cluster030.hosting.ovh.net\/index.php\/blog\/","name":"Blog - Bienvenue \u00e0 SORGEAT","isPartOf":{"@id":"http:\/\/mybujdp.cluster030.hosting.ovh.net\/#website"},"primaryImageOfPage":{"@id":"http:\/\/mybujdp.cluster030.hosting.ovh.net\/index.php\/blog\/#primaryimage"},"image":{"@id":"http:\/\/mybujdp.cluster030.hosting.ovh.net\/index.php\/blog\/#primaryimage"},"thumbnailUrl":"http:\/\/mybujdp.cluster030.hosting.ovh.net\/wp-content\/uploads\/2023\/12\/IMG_20231214_154109-2-1024x1024.jpg","datePublished":"2022-07-07T16:38:11+00:00","dateModified":"2023-12-15T16:14:09+00:00","breadcrumb":{"@id":"http:\/\/mybujdp.cluster030.hosting.ovh.net\/index.php\/blog\/#breadcrumb"},"inLanguage":"en-US","potentialAction":[{"@type":"ReadAction","target":["http:\/\/mybujdp.cluster030.hosting.ovh.net\/index.php\/blog\/"]}]},{"@type":"ImageObject","inLanguage":"en-US","@id":"http:\/\/mybujdp.cluster030.hosting.ovh.net\/index.php\/blog\/#primaryimage","url":"http:\/\/mybujdp.cluster030.hosting.ovh.net\/wp-content\/uploads\/2023\/12\/IMG_20231214_154109-2-scaled.jpg","contentUrl":"http:\/\/mybujdp.cluster030.hosting.ovh.net\/wp-content\/uploads\/2023\/12\/IMG_20231214_154109-2-scaled.jpg","width":2560,"height":2560},{"@type":"BreadcrumbList","@id":"http:\/\/mybujdp.cluster030.hosting.ovh.net\/index.php\/blog\/#breadcrumb","itemListElement":[{"@type":"ListItem","position":1,"name":"Accueil","item":"http:\/\/mybujdp.cluster030.hosting.ovh.net\/"},{"@type":"ListItem","position":2,"name":"Blog"}]},{"@type":"WebSite","@id":"http:\/\/mybujdp.cluster030.hosting.ovh.net\/#website","url":"http:\/\/mybujdp.cluster030.hosting.ovh.net\/","name":"Bienvenue \u00e0 SORGEAT","description":"village de la Communaut\u00e9 de Communes de Haute Ari\u00e8ge","potentialAction":[{"@type":"SearchAction","target":{"@type":"EntryPoint","urlTemplate":"http:\/\/mybujdp.cluster030.hosting.ovh.net\/?s={search_term_string}"},"query-input":{"@type":"PropertyValueSpecification","valueRequired":true,"valueName":"search_term_string"}}],"inLanguage":"en-US"},{"@type":"Person","@id":"http:\/\/mybujdp.cluster030.hosting.ovh.net\/#\/schema\/person\/de42daddfd2223717047c83ff2a0905b","name":"admin6530","image":{"@type":"ImageObject","inLanguage":"en-US","@id":"https:\/\/secure.gravatar.com\/avatar\/755edbf5f12a486976481216400c67ee03a5a9b2a1e43c30b652bf4da0a061d8?s=96&d=mm&r=g","url":"https:\/\/secure.gravatar.com\/avatar\/755edbf5f12a486976481216400c67ee03a5a9b2a1e43c30b652bf4da0a061d8?s=96&d=mm&r=g","contentUrl":"https:\/\/secure.gravatar.com\/avatar\/755edbf5f12a486976481216400c67ee03a5a9b2a1e43c30b652bf4da0a061d8?s=96&d=mm&r=g","caption":"admin6530"},"sameAs":["http:\/\/mybujdp.cluster030.hosting.ovh.net"],"url":"http:\/\/mybujdp.cluster030.hosting.ovh.net\/index.php\/author\/admin6530\/"}]}},"_links":{"self":[{"href":"http:\/\/mybujdp.cluster030.hosting.ovh.net\/index.php\/wp-json\/wp\/v2\/pages\/26","targetHints":{"allow":["GET"]}}],"collection":[{"href":"http:\/\/mybujdp.cluster030.hosting.ovh.net\/index.php\/wp-json\/wp\/v2\/pages"}],"about":[{"href":"http:\/\/mybujdp.cluster030.hosting.ovh.net\/index.php\/wp-json\/wp\/v2\/types\/page"}],"author":[{"embeddable":true,"href":"http:\/\/mybujdp.cluster030.hosting.ovh.net\/index.php\/wp-json\/wp\/v2\/users\/1"}],"replies":[{"embeddable":true,"href":"http:\/\/mybujdp.cluster030.hosting.ovh.net\/index.php\/wp-json\/wp\/v2\/comments?post=26"}],"version-history":[{"count":7,"href":"http:\/\/mybujdp.cluster030.hosting.ovh.net\/index.php\/wp-json\/wp\/v2\/pages\/26\/revisions"}],"predecessor-version":[{"id":353,"href":"http:\/\/mybujdp.cluster030.hosting.ovh.net\/index.php\/wp-json\/wp\/v2\/pages\/26\/revisions\/353"}],"wp:attachment":[{"href":"http:\/\/mybujdp.cluster030.hosting.ovh.net\/index.php\/wp-json\/wp\/v2\/media?parent=26"}],"curies":[{"name":"wp","href":"https:\/\/api.w.org\/{rel}","templated":true}]}}